{"id":134,"date":"2023-03-07T13:07:18","date_gmt":"2023-03-07T16:07:18","guid":{"rendered":"https:\/\/www.almasol.com.py\/pt\/?page_id=134"},"modified":"2023-06-23T11:36:11","modified_gmt":"2023-06-23T15:36:11","slug":"nosotros","status":"publish","type":"page","link":"https:\/\/www.almasol.com.py\/pt\/nosotros\/","title":{"rendered":"ABOUT US"},"content":{"rendered":"<p>[vc_row full_width=\u00bbstretch_row\u00bb][vc_column]\n\t\t\t<!-- START Slider 1 REVOLUTION SLIDER 6.5.19 --><p class=\"rs-p-wp-fix\"><\/p>\n\t\t\t<rs-module-wrap id=\"rev_slider_1_1_wrapper\" data-source=\"gallery\" style=\"visibility:hidden;background:transparent;padding:0;margin:0px auto;margin-top:0;margin-bottom:0;\">\n\t\t\t\t<rs-module id=\"rev_slider_1_1\" style=\"\" data-version=\"6.5.19\">\n\t\t\t\t\t<rs-slides>\n\t\t\t\t\t\t<rs-slide style=\"position: absolute;\" data-key=\"rs-1\" data-title=\"Slide\" data-in=\"o:0;\" data-out=\"a:false;\">\n\t\t\t\t\t\t\t<img decoding=\"async\" src=\"\/\/www.almasol.com.py\/pt\/wp-content\/plugins\/revslider\/public\/assets\/assets\/dummy.png\" alt=\"Slide\" title=\"ABOUT US\" class=\"rev-slidebg tp-rs-img rs-lazyload\" data-lazyload=\"\/\/www.almasol.com.py\/pt\/wp-content\/plugins\/revslider\/public\/assets\/assets\/transparent.png\" data-no-retina>\n<!--\n\t\t\t\t\t\t\t--><rs-layer\n\t\t\t\t\t\t\t\tid=\"slider-1-slide-1-layer-0\" \n\t\t\t\t\t\t\t\tdata-type=\"image\"\n\t\t\t\t\t\t\t\tdata-rsp_ch=\"on\"\n\t\t\t\t\t\t\t\tdata-xy=\"x:c;xo:0,-3px,61px,52px;y:m;yo:0,-37px,-6px,-5px;\"\n\t\t\t\t\t\t\t\tdata-text=\"w:normal;s:20,16,12,7;l:0,20,15,9;\"\n\t\t\t\t\t\t\t\tdata-dim=\"w:1920px,1585px,1202px,741px;h:1080px,891px,676px,417px;\"\n\t\t\t\t\t\t\t\tdata-frame_999=\"o:0;st:w;\"\n\t\t\t\t\t\t\t\tstyle=\"z-index:5;\"\n\t\t\t\t\t\t\t><img loading=\"lazy\" decoding=\"async\" src=\"\/\/www.almasol.com.py\/pt\/wp-content\/plugins\/revslider\/public\/assets\/assets\/dummy.png\" alt=\"almasol slider 1\" class=\"tp-rs-img rs-lazyload\" width=\"1920\" height=\"1080\" data-lazyload=\"\/\/www.almasol.com.py\/pt\/wp-content\/uploads\/2023\/04\/ALMASOL-GUARAMBARE1.jpg\" data-no-retina> \n\t\t\t\t\t\t\t<\/rs-layer><!--\n-->\t\t\t\t\t\t<\/rs-slide>\n\t\t\t\t\t<\/rs-slides>\n\t\t\t\t<\/rs-module>\n\t\t\t\t<script>\n\t\t\t\t\tsetREVStartSize({c: 'rev_slider_1_1',rl:[1240,1024,778,480],el:[900,768,660,380],gw:[1240,1024,778,480],gh:[900,768,660,380],type:'standard',justify:'',layout:'fullwidth',mh:\"0\"});if (window.RS_MODULES!==undefined && window.RS_MODULES.modules!==undefined && window.RS_MODULES.modules[\"revslider11\"]!==undefined) {window.RS_MODULES.modules[\"revslider11\"].once = false;window.revapi1 = undefined;if (window.RS_MODULES.checkMinimal!==undefined) window.RS_MODULES.checkMinimal()}\n\t\t\t\t<\/script>\n\t\t\t<\/rs-module-wrap>\n\t\t\t<!-- END REVOLUTION SLIDER -->\n[vc_empty_space height=\u00bb22px\u00bb][\/vc_column][\/vc_row][vc_row][vc_column width=\u00bb2\/3&#8243;][vc_tta_tour active_section=\u00bb1&#8243; title=\u00bbA empresa\u00bb][vc_tta_section title=\u00bbSOBRE N\u00d3S\u00bb tab_id=\u00bb1678291072153-458dfafd-27c5&#8243;][vc_column_text css=\u00bb.vc_custom_1687444116029{background-color: #ffffff !important;}\u00bb]Nossa equipe \u00e9 altamente treinada e focada em garantir a qualidade do projeto, comprometida em garantir a satisfa\u00e7\u00e3o do cliente.<\/p>\n<p>A vantagem de contratar nossos servi\u00e7os como uma empresa interessada \u00e9 que voc\u00ea investir\u00e1 seu capital inicial ou de expans\u00e3o exclusivamente em suas pr\u00f3prias opera\u00e7\u00f5es comerciais, em vez da custosa constru\u00e7\u00e3o do im\u00f3vel necess\u00e1rio, o que constitui uma vantagem competitiva significativa.<\/p>\n<p><strong>Compromisso da empresa<\/strong><\/p>\n<p>Na Almasol, a satisfa\u00e7\u00e3o do cliente \u00e9 primordial. Por isso, nosso compromisso \u00e9 fornecer um servi\u00e7o que atenda e supere suas expectativas. Nossa estrat\u00e9gia de neg\u00f3cios \u00e9 desenvolvida com base nas necessidades de cada cliente.[\/vc_column_text][\/vc_tta_section][\/vc_tta_tour][\/vc_column][vc_column width=\u00bb1\/3&#8243;][vc_gallery type=\u00bbimage_grid\u00bb images=\u00bb379,380&#8243; img_size=\u00bbmedium\u00bb][\/vc_column][\/vc_row][vc_row][vc_column][vc_separator]<h1 class='heading-middle  divider-sm' ><span>Nossa hist\u00f3ria<em class=\"heading-subtitle\">Timeline<\/em><\/span><\/h1>[vc_empty_space height=\u00bb22px\u00bb][vc_single_image image=\u00bb179&#8243; img_size=\u00bblarge\u00bb alignment=\u00bbcenter\u00bb][\/vc_column][\/vc_row]<\/p>\n","protected":false},"excerpt":{"rendered":"<p>[vc_row full_width=\u00bbstretch_row\u00bb][vc_column][vc_empty_space height=\u00bb22px\u00bb][\/vc_column][\/vc_row][vc_row][vc_column width=\u00bb2\/3&#8243;][vc_tta_tour active_section=\u00bb1&#8243; title=\u00bbA empresa\u00bb][vc_tta_section title=\u00bbSOBRE N\u00d3S\u00bb tab_id=\u00bb1678291072153-458dfafd-27c5&#8243;][vc_column_text css=\u00bb.vc_custom_1687444116029{background-color: #ffffff !important;}\u00bb]Nossa equipe \u00e9 altamente treinada e focada em garantir a qualidade do projeto, comprometida em garantir a satisfa\u00e7\u00e3o do cliente. A vantagem de contratar nossos servi\u00e7os como uma &hellip;<\/p>\n","protected":false},"author":1,"featured_media":0,"parent":0,"menu_order":0,"comment_status":"closed","ping_status":"closed","template":"","meta":{"_joinchat":[],"footnotes":""},"class_list":["post-134","page","type-page","status-publish","hentry"],"yoast_head":"<!-- This site is optimized with the Yoast SEO plugin v20.13 - https:\/\/yoast.com\/wordpress\/plugins\/seo\/ -->\n<title>ABOUT US - Almasol<\/title>\n<meta name=\"robots\" content=\"index, follow, max-snippet:-1, max-image-preview:large, max-video-preview:-1\" \/>\n<link rel=\"canonical\" href=\"https:\/\/www.almasol.com.py\/pt\/nosotros\/\" \/>\n<meta property=\"og:locale\" content=\"es_ES\" \/>\n<meta property=\"og:type\" content=\"article\" \/>\n<meta property=\"og:title\" content=\"ABOUT US - Almasol\" \/>\n<meta property=\"og:description\" content=\"[vc_row full_width=\u00bbstretch_row\u00bb][vc_column][vc_empty_space height=\u00bb22px\u00bb][\/vc_column][\/vc_row][vc_row][vc_column width=\u00bb2\/3&#8243;][vc_tta_tour active_section=\u00bb1&#8243; title=\u00bbA empresa\u00bb][vc_tta_section title=\u00bbSOBRE N\u00d3S\u00bb tab_id=\u00bb1678291072153-458dfafd-27c5&#8243;][vc_column_text css=\u00bb.vc_custom_1687444116029{background-color: #ffffff !important;}\u00bb]Nossa equipe \u00e9 altamente treinada e focada em garantir a qualidade do projeto, comprometida em garantir a satisfa\u00e7\u00e3o do cliente. A vantagem de contratar nossos servi\u00e7os como uma &hellip;\" \/>\n<meta property=\"og:url\" content=\"https:\/\/www.almasol.com.py\/pt\/nosotros\/\" \/>\n<meta property=\"og:site_name\" content=\"Almasol\" \/>\n<meta property=\"article:modified_time\" content=\"2023-06-23T15:36:11+00:00\" \/>\n<meta name=\"twitter:card\" content=\"summary_large_image\" \/>\n<meta name=\"twitter:label1\" content=\"Tiempo de lectura\" \/>\n\t<meta name=\"twitter:data1\" content=\"1 minuto\" \/>\n<script type=\"application\/ld+json\" class=\"yoast-schema-graph\">{\"@context\":\"https:\/\/schema.org\",\"@graph\":[{\"@type\":\"WebPage\",\"@id\":\"https:\/\/www.almasol.com.py\/pt\/nosotros\/\",\"url\":\"https:\/\/www.almasol.com.py\/pt\/nosotros\/\",\"name\":\"ABOUT US - Almasol\",\"isPartOf\":{\"@id\":\"https:\/\/www.almasol.com.py\/pt\/#website\"},\"datePublished\":\"2023-03-07T16:07:18+00:00\",\"dateModified\":\"2023-06-23T15:36:11+00:00\",\"breadcrumb\":{\"@id\":\"https:\/\/www.almasol.com.py\/pt\/nosotros\/#breadcrumb\"},\"inLanguage\":\"es\",\"potentialAction\":[{\"@type\":\"ReadAction\",\"target\":[\"https:\/\/www.almasol.com.py\/pt\/nosotros\/\"]}]},{\"@type\":\"BreadcrumbList\",\"@id\":\"https:\/\/www.almasol.com.py\/pt\/nosotros\/#breadcrumb\",\"itemListElement\":[{\"@type\":\"ListItem\",\"position\":1,\"name\":\"Portada\",\"item\":\"https:\/\/www.almasol.com.py\/pt\/\"},{\"@type\":\"ListItem\",\"position\":2,\"name\":\"ABOUT US\"}]},{\"@type\":\"WebSite\",\"@id\":\"https:\/\/www.almasol.com.py\/pt\/#website\",\"url\":\"https:\/\/www.almasol.com.py\/pt\/\",\"name\":\"Almasol\",\"description\":\"Desarrolladores de complejos industriales, comerciales y log\u00edsticos\",\"potentialAction\":[{\"@type\":\"SearchAction\",\"target\":{\"@type\":\"EntryPoint\",\"urlTemplate\":\"https:\/\/www.almasol.com.py\/pt\/?s={search_term_string}\"},\"query-input\":\"required name=search_term_string\"}],\"inLanguage\":\"es\"}]}<\/script>\n<!-- \/ Yoast SEO plugin. -->","yoast_head_json":{"title":"ABOUT US - Almasol","robots":{"index":"index","follow":"follow","max-snippet":"max-snippet:-1","max-image-preview":"max-image-preview:large","max-video-preview":"max-video-preview:-1"},"canonical":"https:\/\/www.almasol.com.py\/pt\/nosotros\/","og_locale":"es_ES","og_type":"article","og_title":"ABOUT US - Almasol","og_description":"[vc_row full_width=\u00bbstretch_row\u00bb][vc_column][vc_empty_space height=\u00bb22px\u00bb][\/vc_column][\/vc_row][vc_row][vc_column width=\u00bb2\/3&#8243;][vc_tta_tour active_section=\u00bb1&#8243; title=\u00bbA empresa\u00bb][vc_tta_section title=\u00bbSOBRE N\u00d3S\u00bb tab_id=\u00bb1678291072153-458dfafd-27c5&#8243;][vc_column_text css=\u00bb.vc_custom_1687444116029{background-color: #ffffff !important;}\u00bb]Nossa equipe \u00e9 altamente treinada e focada em garantir a qualidade do projeto, comprometida em garantir a satisfa\u00e7\u00e3o do cliente. A vantagem de contratar nossos servi\u00e7os como uma &hellip;","og_url":"https:\/\/www.almasol.com.py\/pt\/nosotros\/","og_site_name":"Almasol","article_modified_time":"2023-06-23T15:36:11+00:00","twitter_card":"summary_large_image","twitter_misc":{"Tiempo de lectura":"1 minuto"},"schema":{"@context":"https:\/\/schema.org","@graph":[{"@type":"WebPage","@id":"https:\/\/www.almasol.com.py\/pt\/nosotros\/","url":"https:\/\/www.almasol.com.py\/pt\/nosotros\/","name":"ABOUT US - Almasol","isPartOf":{"@id":"https:\/\/www.almasol.com.py\/pt\/#website"},"datePublished":"2023-03-07T16:07:18+00:00","dateModified":"2023-06-23T15:36:11+00:00","breadcrumb":{"@id":"https:\/\/www.almasol.com.py\/pt\/nosotros\/#breadcrumb"},"inLanguage":"es","potentialAction":[{"@type":"ReadAction","target":["https:\/\/www.almasol.com.py\/pt\/nosotros\/"]}]},{"@type":"BreadcrumbList","@id":"https:\/\/www.almasol.com.py\/pt\/nosotros\/#breadcrumb","itemListElement":[{"@type":"ListItem","position":1,"name":"Portada","item":"https:\/\/www.almasol.com.py\/pt\/"},{"@type":"ListItem","position":2,"name":"ABOUT US"}]},{"@type":"WebSite","@id":"https:\/\/www.almasol.com.py\/pt\/#website","url":"https:\/\/www.almasol.com.py\/pt\/","name":"Almasol","description":"Desarrolladores de complejos industriales, comerciales y log\u00edsticos","potentialAction":[{"@type":"SearchAction","target":{"@type":"EntryPoint","urlTemplate":"https:\/\/www.almasol.com.py\/pt\/?s={search_term_string}"},"query-input":"required name=search_term_string"}],"inLanguage":"es"}]}},"_links":{"self":[{"href":"https:\/\/www.almasol.com.py\/pt\/wp-json\/wp\/v2\/pages\/134","targetHints":{"allow":["GET"]}}],"collection":[{"href":"https:\/\/www.almasol.com.py\/pt\/wp-json\/wp\/v2\/pages"}],"about":[{"href":"https:\/\/www.almasol.com.py\/pt\/wp-json\/wp\/v2\/types\/page"}],"author":[{"embeddable":true,"href":"https:\/\/www.almasol.com.py\/pt\/wp-json\/wp\/v2\/users\/1"}],"replies":[{"embeddable":true,"href":"https:\/\/www.almasol.com.py\/pt\/wp-json\/wp\/v2\/comments?post=134"}],"version-history":[{"count":25,"href":"https:\/\/www.almasol.com.py\/pt\/wp-json\/wp\/v2\/pages\/134\/revisions"}],"predecessor-version":[{"id":459,"href":"https:\/\/www.almasol.com.py\/pt\/wp-json\/wp\/v2\/pages\/134\/revisions\/459"}],"wp:attachment":[{"href":"https:\/\/www.almasol.com.py\/pt\/wp-json\/wp\/v2\/media?parent=134"}],"curies":[{"name":"wp","href":"https:\/\/api.w.org\/{rel}","templated":true}]}}