{"id":245,"date":"2023-03-18T13:41:45","date_gmt":"2023-03-18T16:41:45","guid":{"rendered":"https:\/\/www.almasol.com.py\/pt\/?page_id=245"},"modified":"2023-06-22T10:02:52","modified_gmt":"2023-06-22T14:02:52","slug":"build-to-suit","status":"publish","type":"page","link":"https:\/\/www.almasol.com.py\/pt\/build-to-suit\/","title":{"rendered":"Build to Suit"},"content":{"rendered":"<p>[vc_row full_width=\u00bbstretch_row\u00bb][vc_column]\n\t\t\t<!-- START Slider 1 1 1 REVOLUTION SLIDER 6.5.19 --><p class=\"rs-p-wp-fix\"><\/p>\n\t\t\t<rs-module-wrap id=\"rev_slider_3_1_wrapper\" data-source=\"gallery\" style=\"visibility:hidden;background:transparent;padding:0;margin:0px auto;margin-top:0;margin-bottom:0;\">\n\t\t\t\t<rs-module id=\"rev_slider_3_1\" style=\"\" data-version=\"6.5.19\">\n\t\t\t\t\t<rs-slides>\n\t\t\t\t\t\t<rs-slide style=\"position: absolute;\" data-key=\"rs-3\" data-title=\"Slide\" data-in=\"o:0;\" data-out=\"a:false;\">\n\t\t\t\t\t\t\t<img decoding=\"async\" src=\"\/\/www.almasol.com.py\/pt\/wp-content\/plugins\/revslider\/public\/assets\/assets\/dummy.png\" alt=\"Slide\" title=\"Build to Suit\" class=\"rev-slidebg tp-rs-img rs-lazyload\" data-lazyload=\"\/\/www.almasol.com.py\/pt\/wp-content\/plugins\/revslider\/public\/assets\/assets\/transparent.png\" data-no-retina>\n<!--\n\t\t\t\t\t\t\t--><rs-layer\n\t\t\t\t\t\t\t\tid=\"slider-3-slide-3-layer-1\" \n\t\t\t\t\t\t\t\tdata-type=\"image\"\n\t\t\t\t\t\t\t\tdata-rsp_ch=\"on\"\n\t\t\t\t\t\t\t\tdata-xy=\"x:c;xo:0,0,1px,-13px;y:m;yo:0,0,-147px,11px;\"\n\t\t\t\t\t\t\t\tdata-text=\"w:normal;s:20,16,12,7;l:0,20,15,9;\"\n\t\t\t\t\t\t\t\tdata-dim=\"w:1920px,1585px,1204px,742px;h:1080px,891px,676px,417px;\"\n\t\t\t\t\t\t\t\tdata-frame_999=\"o:0;st:w;\"\n\t\t\t\t\t\t\t\tstyle=\"z-index:5;\"\n\t\t\t\t\t\t\t><img loading=\"lazy\" decoding=\"async\" src=\"\/\/www.almasol.com.py\/pt\/wp-content\/plugins\/revslider\/public\/assets\/assets\/dummy.png\" alt=\"bts\" class=\"tp-rs-img rs-lazyload\" width=\"1920\" height=\"1080\" data-lazyload=\"\/\/www.almasol.com.py\/pt\/wp-content\/uploads\/2023\/03\/BTS.jpg\" data-no-retina> \n\t\t\t\t\t\t\t<\/rs-layer><!--\n-->\t\t\t\t\t\t<\/rs-slide>\n\t\t\t\t\t<\/rs-slides>\n\t\t\t\t<\/rs-module>\n\t\t\t\t<script>\n\t\t\t\t\tsetREVStartSize({c: 'rev_slider_3_1',rl:[1240,1024,778,480],el:[720,720,960,380],gw:[1240,1024,778,480],gh:[720,720,960,380],type:'standard',justify:'',layout:'fullwidth',mh:\"0\"});if (window.RS_MODULES!==undefined && window.RS_MODULES.modules!==undefined && window.RS_MODULES.modules[\"revslider31\"]!==undefined) {window.RS_MODULES.modules[\"revslider31\"].once = false;window.revapi3 = undefined;if (window.RS_MODULES.checkMinimal!==undefined) window.RS_MODULES.checkMinimal()}\n\t\t\t\t<\/script>\n\t\t\t<\/rs-module-wrap>\n\t\t\t<!-- END REVOLUTION SLIDER -->\n[vc_empty_space height=\u00bb22px\u00bb][\/vc_column][\/vc_row][vc_row][vc_column width=\u00bb2\/3&#8243;][vc_tta_tour active_section=\u00bb1&#8243; title=\u00bbServicio\u00bb][vc_tta_section title=\u00bbBTS\u00bb tab_id=\u00bb1678291072153-458dfafd-27c5&#8243;][vc_column_text css=\u00bb.vc_custom_1687441902193{background-color: #ffffff !important;}\u00bb]<\/p>\n<h3>Em que consiste este servi\u00e7o?<\/h3>\n<p>O modelo de neg\u00f3cio <strong>\u00abBuild to Suit (BTS)\u00bb<\/strong> destaca-se como uma das solu\u00e7\u00f5es que fazem parte da oferta imobili\u00e1ria atual para o setor log\u00edstico. Sob esse modelo, empresas dedicadas ao desenvolvimento desses tipos de projetos obt\u00eam um neg\u00f3cio de aluguel est\u00e1vel e de longo prazo, enquanto os clientes que escolhem essa modalidade recebem um Centro de Distribui\u00e7\u00e3o especialmente projetado para sua opera\u00e7\u00e3o, adaptado \u00e0s suas necessidades espec\u00edficas.<\/p>\n<p>A crescente demanda no setor imobili\u00e1rio do pa\u00eds tem levado ao surgimento de diferentes projetos imobili\u00e1rios que se adaptam \u00e0s necessidades de indiv\u00edduos ou empresas. O modelo Build to Suit surge como uma alternativa para setores industriais ou de servi\u00e7os que requerem especifica\u00e7\u00f5es espec\u00edficas.<\/p>\n<p>O modelo Build to Suit, como o pr\u00f3prio nome sugere, \u00e9 uma forma de constru\u00e7\u00e3o imobili\u00e1ria que busca aumentar a rentabilidade por metro quadrado e evitar riscos nas flutua\u00e7\u00f5es de mercado.<\/p>\n<p>Nesse modelo, o objetivo \u00e9 construir projetos projetados para atender \u00e0s necessidades espec\u00edficas de cada cliente, permitindo que seus investimentos sejam eficientes e otimizando seus recursos. Isso leva a empreendimentos com boas localiza\u00e7\u00f5es, tecnologia de ponta e efici\u00eancia de custos e aluguel elevados.[\/vc_column_text][\/vc_tta_section][vc_tta_section title=\u00bbInforma\u00e7\u00f5es\u00bb tab_id=\u00bb1685715442129-ecc13de7-c35a\u00bb][vc_column_text]<\/p>\n<h3>Desenvolvedores de complexos industriais, log\u00edsticos e comerciais sob medida.<\/h3>\n<p>Somos uma empresa de desenvolvimento de projetos dedicada a fornecer solu\u00e7\u00f5es abrangentes de infraestrutura no Paraguai. Somos especializados em projetos de chave na m\u00e3o.<\/p>\n<p><strong>N\u00f3s constru\u00edmos. N\u00f3s financiamos. N\u00f3s gerenciamos.<\/strong><br \/>\nOferecemos solu\u00e7\u00f5es inovadoras, abrangentes e sustent\u00e1veis para nossa ampla gama de clientes, oferecendo a eles uma grande variedade de locais, contratos de loca\u00e7\u00e3o de longo prazo e uma plataforma de crescimento segura e lucrativa.<\/p>\n<p><strong>N\u00f3s constru\u00edmos &#8211; conforme a especifica\u00e7\u00e3o necess\u00e1ria<\/strong> &#8211; plantas industriais, centros de distribui\u00e7\u00e3o log\u00edstica, complexos de armazenamento, unidades comerciais, entre outros. Do in\u00edcio ao fim. Desde a aquisi\u00e7\u00e3o de terras, projeto e desenvolvimento do projeto, obras de constru\u00e7\u00e3o, at\u00e9 a entrega e gest\u00e3o eficazes.[\/vc_column_text][\/vc_tta_section][vc_tta_section title=\u00bbProcesso\u00bb tab_id=\u00bb1685715493307-26c2aa9b-25a1&#8243;][vc_column_text]<\/p>\n<p><strong>Identifica\u00e7\u00e3o das demandas do cliente:<\/strong><\/p>\n<ul>\n<li>Individualiza\u00e7\u00e3o das necessidades do cliente em rela\u00e7\u00e3o \u00e0 propriedade.<\/li>\n<li>Aconselhamento estrat\u00e9gico de localiza\u00e7\u00e3o.<\/li>\n<li>Compreens\u00e3o das caracter\u00edsticas operacionais do cliente.<\/li>\n<li>Determina\u00e7\u00e3o de prazos.<\/li>\n<\/ul>\n<p><strong>Desenvolvimento das necessidades.<\/strong><\/p>\n<ul>\n<li>Busca por alternativas de localiza\u00e7\u00e3o levando em considera\u00e7\u00e3o, acima de tudo, zoneamento e voca\u00e7\u00e3o, acesso, incentivos fiscais e aproveitamento do projeto.<\/li>\n<li>Desenvolvimento de projetos personalizados em conjunto com o cliente.<\/li>\n<li>Apresenta\u00e7\u00e3o de or\u00e7amentos baseados em custo\/benef\u00edcio para o projeto.<\/li>\n<\/ul>\n<p><strong>Proposta e negocia\u00e7\u00e3o.<\/strong><\/p>\n<ul>\n<li>Negocia\u00e7\u00e3o com o propriet\u00e1rio da propriedade selecionada.<\/li>\n<li>Proposta econ\u00f4mica personalizada de acordo com as necessidades do cliente.<\/li>\n<li>Os projetos podem ser vendidos ou alugados em contratos de m\u00e9dio e longo prazo.<\/li>\n<li>Busca do valor de aluguel mais competitivo para o projeto.<\/li>\n<li>Assinatura do contrato de loca\u00e7\u00e3o Build to Suit.<\/li>\n<\/ul>\n<p><strong>Constru\u00e7\u00e3o da propriedade:<\/strong><\/p>\n<ul>\n<li>Aquisi\u00e7\u00e3o de terrenos.<\/li>\n<li>Obten\u00e7\u00e3o de licen\u00e7as e autoriza\u00e7\u00f5es para o in\u00edcio da constru\u00e7\u00e3o.<\/li>\n<li>Contrata\u00e7\u00e3o da empresa de constru\u00e7\u00e3o respons\u00e1vel pelas obras.<\/li>\n<li>Desenvolvimento do projeto e gerenciamento da constru\u00e7\u00e3o.<\/li>\n<\/ul>\n<p><strong>Chave na m\u00e3o:<\/strong><\/p>\n<ul>\n<li>Entrega da propriedade no prazo e de acordo com o acordo.<\/li>\n<li>Acompanhamento das necessidades do cliente.<\/li>\n<li>Parceria com o cliente para poss\u00edveis futuras expans\u00f5es e moderniza\u00e7\u00f5es.<\/li>\n<\/ul>\n<p>[\/vc_column_text][\/vc_tta_section][vc_tta_section title=\u00bbVantagens.\u00bb tab_id=\u00bb1678291072161-4c3957bb-b443&#8243;][vc_column_text]<\/p>\n<h3>Vantagens competitivas deste modelo:<\/h3>\n<p>Entre suas vantagens est\u00e1 a op\u00e7\u00e3o de n\u00e3o investir na compra ou adapta\u00e7\u00e3o de um espa\u00e7o j\u00e1 estabelecido, mas sim, por meio de contratos de m\u00e9dio ou longo prazo do tipo Build to Suit, as empresas podem operar seus neg\u00f3cios industriais ou de servi\u00e7os.<br \/>\nOutro benef\u00edcio est\u00e1 na possibilidade de encontrar \u00e1reas ou terrenos com potencial, sem estarem totalmente distantes da cidade ou das rodovias, a fim de reduzir os custos de transporte.<\/p>\n<p>Al\u00e9m disso, a op\u00e7\u00e3o de projetar de acordo com o conforto e as necessidades da empresa permite o cumprimento das regulamenta\u00e7\u00f5es do setor industrial, como novas diretrizes relacionadas a padr\u00f5es de sa\u00fade resultantes da pandemia global.<\/p>\n<p>E uma das raz\u00f5es mais importantes est\u00e1 na implementa\u00e7\u00e3o de servi\u00e7os que beneficiam tanto a empresa quanto o meio ambiente, como o uso de pain\u00e9is solares, espa\u00e7os que buscam otimizar a luz solar e ventila\u00e7\u00e3o adequada em qualquer \u00e1rea necess\u00e1ria.<\/p>\n<p>\u00c9 por isso que cada vez mais empresas de diferentes setores optaram por adotar esse modelo, que oferece flexibilidade e rentabilidade para estabelecer seus neg\u00f3cios em nosso estado.[\/vc_column_text][\/vc_tta_section][\/vc_tta_tour][\/vc_column][vc_column width=\u00bb1\/3&#8243;][vc_gallery type=\u00bbimage_grid\u00bb images=\u00bb173,172,169&#8243; img_size=\u00bbmedium\u00bb][\/vc_column][\/vc_row]<\/p>\n","protected":false},"excerpt":{"rendered":"<p>[vc_row full_width=\u00bbstretch_row\u00bb][vc_column][vc_empty_space height=\u00bb22px\u00bb][\/vc_column][\/vc_row][vc_row][vc_column width=\u00bb2\/3&#8243;][vc_tta_tour active_section=\u00bb1&#8243; title=\u00bbServicio\u00bb][vc_tta_section title=\u00bbBTS\u00bb tab_id=\u00bb1678291072153-458dfafd-27c5&#8243;][vc_column_text css=\u00bb.vc_custom_1687441902193{background-color: #ffffff !important;}\u00bb] Em que consiste este servi\u00e7o? O modelo de neg\u00f3cio \u00abBuild to Suit (BTS)\u00bb destaca-se como uma das solu\u00e7\u00f5es que fazem parte da oferta imobili\u00e1ria atual para o setor log\u00edstico. &hellip;<\/p>\n","protected":false},"author":1,"featured_media":0,"parent":0,"menu_order":0,"comment_status":"closed","ping_status":"closed","template":"","meta":{"_joinchat":[],"footnotes":""},"class_list":["post-245","page","type-page","status-publish","hentry"],"yoast_head":"<!-- This site is optimized with the Yoast SEO plugin v20.13 - https:\/\/yoast.com\/wordpress\/plugins\/seo\/ -->\n<title>Build to Suit - Almasol<\/title>\n<meta name=\"robots\" content=\"index, follow, max-snippet:-1, max-image-preview:large, max-video-preview:-1\" \/>\n<link rel=\"canonical\" href=\"https:\/\/www.almasol.com.py\/pt\/build-to-suit\/\" \/>\n<meta property=\"og:locale\" content=\"es_ES\" \/>\n<meta property=\"og:type\" content=\"article\" \/>\n<meta property=\"og:title\" content=\"Build to Suit - Almasol\" \/>\n<meta property=\"og:description\" content=\"[vc_row full_width=\u00bbstretch_row\u00bb][vc_column][vc_empty_space height=\u00bb22px\u00bb][\/vc_column][\/vc_row][vc_row][vc_column width=\u00bb2\/3&#8243;][vc_tta_tour active_section=\u00bb1&#8243; title=\u00bbServicio\u00bb][vc_tta_section title=\u00bbBTS\u00bb tab_id=\u00bb1678291072153-458dfafd-27c5&#8243;][vc_column_text css=\u00bb.vc_custom_1687441902193{background-color: #ffffff !important;}\u00bb] Em que consiste este servi\u00e7o? O modelo de neg\u00f3cio \u00abBuild to Suit (BTS)\u00bb destaca-se como uma das solu\u00e7\u00f5es que fazem parte da oferta imobili\u00e1ria atual para o setor log\u00edstico. &hellip;\" \/>\n<meta property=\"og:url\" content=\"https:\/\/www.almasol.com.py\/pt\/build-to-suit\/\" \/>\n<meta property=\"og:site_name\" content=\"Almasol\" \/>\n<meta property=\"article:modified_time\" content=\"2023-06-22T14:02:52+00:00\" \/>\n<meta name=\"twitter:card\" content=\"summary_large_image\" \/>\n<meta name=\"twitter:label1\" content=\"Tiempo de lectura\" \/>\n\t<meta name=\"twitter:data1\" content=\"4 minutos\" \/>\n<script type=\"application\/ld+json\" class=\"yoast-schema-graph\">{\"@context\":\"https:\/\/schema.org\",\"@graph\":[{\"@type\":\"WebPage\",\"@id\":\"https:\/\/www.almasol.com.py\/pt\/build-to-suit\/\",\"url\":\"https:\/\/www.almasol.com.py\/pt\/build-to-suit\/\",\"name\":\"Build to Suit - Almasol\",\"isPartOf\":{\"@id\":\"https:\/\/www.almasol.com.py\/pt\/#website\"},\"datePublished\":\"2023-03-18T16:41:45+00:00\",\"dateModified\":\"2023-06-22T14:02:52+00:00\",\"breadcrumb\":{\"@id\":\"https:\/\/www.almasol.com.py\/pt\/build-to-suit\/#breadcrumb\"},\"inLanguage\":\"es\",\"potentialAction\":[{\"@type\":\"ReadAction\",\"target\":[\"https:\/\/www.almasol.com.py\/pt\/build-to-suit\/\"]}]},{\"@type\":\"BreadcrumbList\",\"@id\":\"https:\/\/www.almasol.com.py\/pt\/build-to-suit\/#breadcrumb\",\"itemListElement\":[{\"@type\":\"ListItem\",\"position\":1,\"name\":\"Portada\",\"item\":\"https:\/\/www.almasol.com.py\/pt\/\"},{\"@type\":\"ListItem\",\"position\":2,\"name\":\"Build to Suit\"}]},{\"@type\":\"WebSite\",\"@id\":\"https:\/\/www.almasol.com.py\/pt\/#website\",\"url\":\"https:\/\/www.almasol.com.py\/pt\/\",\"name\":\"Almasol\",\"description\":\"Desarrolladores de complejos industriales, comerciales y log\u00edsticos\",\"potentialAction\":[{\"@type\":\"SearchAction\",\"target\":{\"@type\":\"EntryPoint\",\"urlTemplate\":\"https:\/\/www.almasol.com.py\/pt\/?s={search_term_string}\"},\"query-input\":\"required name=search_term_string\"}],\"inLanguage\":\"es\"}]}<\/script>\n<!-- \/ Yoast SEO plugin. -->","yoast_head_json":{"title":"Build to Suit - Almasol","robots":{"index":"index","follow":"follow","max-snippet":"max-snippet:-1","max-image-preview":"max-image-preview:large","max-video-preview":"max-video-preview:-1"},"canonical":"https:\/\/www.almasol.com.py\/pt\/build-to-suit\/","og_locale":"es_ES","og_type":"article","og_title":"Build to Suit - Almasol","og_description":"[vc_row full_width=\u00bbstretch_row\u00bb][vc_column][vc_empty_space height=\u00bb22px\u00bb][\/vc_column][\/vc_row][vc_row][vc_column width=\u00bb2\/3&#8243;][vc_tta_tour active_section=\u00bb1&#8243; title=\u00bbServicio\u00bb][vc_tta_section title=\u00bbBTS\u00bb tab_id=\u00bb1678291072153-458dfafd-27c5&#8243;][vc_column_text css=\u00bb.vc_custom_1687441902193{background-color: #ffffff !important;}\u00bb] Em que consiste este servi\u00e7o? O modelo de neg\u00f3cio \u00abBuild to Suit (BTS)\u00bb destaca-se como uma das solu\u00e7\u00f5es que fazem parte da oferta imobili\u00e1ria atual para o setor log\u00edstico. &hellip;","og_url":"https:\/\/www.almasol.com.py\/pt\/build-to-suit\/","og_site_name":"Almasol","article_modified_time":"2023-06-22T14:02:52+00:00","twitter_card":"summary_large_image","twitter_misc":{"Tiempo de lectura":"4 minutos"},"schema":{"@context":"https:\/\/schema.org","@graph":[{"@type":"WebPage","@id":"https:\/\/www.almasol.com.py\/pt\/build-to-suit\/","url":"https:\/\/www.almasol.com.py\/pt\/build-to-suit\/","name":"Build to Suit - Almasol","isPartOf":{"@id":"https:\/\/www.almasol.com.py\/pt\/#website"},"datePublished":"2023-03-18T16:41:45+00:00","dateModified":"2023-06-22T14:02:52+00:00","breadcrumb":{"@id":"https:\/\/www.almasol.com.py\/pt\/build-to-suit\/#breadcrumb"},"inLanguage":"es","potentialAction":[{"@type":"ReadAction","target":["https:\/\/www.almasol.com.py\/pt\/build-to-suit\/"]}]},{"@type":"BreadcrumbList","@id":"https:\/\/www.almasol.com.py\/pt\/build-to-suit\/#breadcrumb","itemListElement":[{"@type":"ListItem","position":1,"name":"Portada","item":"https:\/\/www.almasol.com.py\/pt\/"},{"@type":"ListItem","position":2,"name":"Build to Suit"}]},{"@type":"WebSite","@id":"https:\/\/www.almasol.com.py\/pt\/#website","url":"https:\/\/www.almasol.com.py\/pt\/","name":"Almasol","description":"Desarrolladores de complejos industriales, comerciales y log\u00edsticos","potentialAction":[{"@type":"SearchAction","target":{"@type":"EntryPoint","urlTemplate":"https:\/\/www.almasol.com.py\/pt\/?s={search_term_string}"},"query-input":"required name=search_term_string"}],"inLanguage":"es"}]}},"_links":{"self":[{"href":"https:\/\/www.almasol.com.py\/pt\/wp-json\/wp\/v2\/pages\/245","targetHints":{"allow":["GET"]}}],"collection":[{"href":"https:\/\/www.almasol.com.py\/pt\/wp-json\/wp\/v2\/pages"}],"about":[{"href":"https:\/\/www.almasol.com.py\/pt\/wp-json\/wp\/v2\/types\/page"}],"author":[{"embeddable":true,"href":"https:\/\/www.almasol.com.py\/pt\/wp-json\/wp\/v2\/users\/1"}],"replies":[{"embeddable":true,"href":"https:\/\/www.almasol.com.py\/pt\/wp-json\/wp\/v2\/comments?post=245"}],"version-history":[{"count":15,"href":"https:\/\/www.almasol.com.py\/pt\/wp-json\/wp\/v2\/pages\/245\/revisions"}],"predecessor-version":[{"id":453,"href":"https:\/\/www.almasol.com.py\/pt\/wp-json\/wp\/v2\/pages\/245\/revisions\/453"}],"wp:attachment":[{"href":"https:\/\/www.almasol.com.py\/pt\/wp-json\/wp\/v2\/media?parent=245"}],"curies":[{"name":"wp","href":"https:\/\/api.w.org\/{rel}","templated":true}]}}