{"id":266,"date":"2023-03-23T08:33:24","date_gmt":"2023-03-23T11:33:24","guid":{"rendered":"https:\/\/www.almasol.com.py\/pt\/?page_id=266"},"modified":"2023-08-11T08:06:14","modified_gmt":"2023-08-11T12:06:14","slug":"parques-industriales","status":"publish","type":"page","link":"https:\/\/www.almasol.com.py\/pt\/parques-industriales\/","title":{"rendered":"INDUSTRIAL PARKS"},"content":{"rendered":"<p>[vc_row full_width=\u00bbstretch_row\u00bb][vc_column]\n\t\t\t<!-- START Slider 1 1 1 REVOLUTION SLIDER 6.5.19 --><p class=\"rs-p-wp-fix\"><\/p>\n\t\t\t<rs-module-wrap id=\"rev_slider_3_1_wrapper\" data-source=\"gallery\" style=\"visibility:hidden;background:transparent;padding:0;margin:0px auto;margin-top:0;margin-bottom:0;\">\n\t\t\t\t<rs-module id=\"rev_slider_3_1\" style=\"\" data-version=\"6.5.19\">\n\t\t\t\t\t<rs-slides>\n\t\t\t\t\t\t<rs-slide style=\"position: absolute;\" data-key=\"rs-3\" data-title=\"Slide\" data-in=\"o:0;\" data-out=\"a:false;\">\n\t\t\t\t\t\t\t<img decoding=\"async\" src=\"\/\/www.almasol.com.py\/pt\/wp-content\/plugins\/revslider\/public\/assets\/assets\/dummy.png\" alt=\"Slide\" title=\"INDUSTRIAL PARKS\" class=\"rev-slidebg tp-rs-img rs-lazyload\" data-lazyload=\"\/\/www.almasol.com.py\/pt\/wp-content\/plugins\/revslider\/public\/assets\/assets\/transparent.png\" data-no-retina>\n<!--\n\t\t\t\t\t\t\t--><rs-layer\n\t\t\t\t\t\t\t\tid=\"slider-3-slide-3-layer-1\" \n\t\t\t\t\t\t\t\tdata-type=\"image\"\n\t\t\t\t\t\t\t\tdata-rsp_ch=\"on\"\n\t\t\t\t\t\t\t\tdata-xy=\"x:c;xo:0,0,1px,-13px;y:m;yo:0,0,-147px,11px;\"\n\t\t\t\t\t\t\t\tdata-text=\"w:normal;s:20,16,12,7;l:0,20,15,9;\"\n\t\t\t\t\t\t\t\tdata-dim=\"w:1920px,1585px,1204px,742px;h:1080px,891px,676px,417px;\"\n\t\t\t\t\t\t\t\tdata-frame_999=\"o:0;st:w;\"\n\t\t\t\t\t\t\t\tstyle=\"z-index:5;\"\n\t\t\t\t\t\t\t><img loading=\"lazy\" decoding=\"async\" src=\"\/\/www.almasol.com.py\/pt\/wp-content\/plugins\/revslider\/public\/assets\/assets\/dummy.png\" alt=\"bts\" class=\"tp-rs-img rs-lazyload\" width=\"1920\" height=\"1080\" data-lazyload=\"\/\/www.almasol.com.py\/pt\/wp-content\/uploads\/2023\/03\/BTS.jpg\" data-no-retina> \n\t\t\t\t\t\t\t<\/rs-layer><!--\n-->\t\t\t\t\t\t<\/rs-slide>\n\t\t\t\t\t<\/rs-slides>\n\t\t\t\t<\/rs-module>\n\t\t\t\t<script>\n\t\t\t\t\tsetREVStartSize({c: 'rev_slider_3_1',rl:[1240,1024,778,480],el:[720,720,960,380],gw:[1240,1024,778,480],gh:[720,720,960,380],type:'standard',justify:'',layout:'fullwidth',mh:\"0\"});if (window.RS_MODULES!==undefined && window.RS_MODULES.modules!==undefined && window.RS_MODULES.modules[\"revslider31\"]!==undefined) {window.RS_MODULES.modules[\"revslider31\"].once = false;window.revapi3 = undefined;if (window.RS_MODULES.checkMinimal!==undefined) window.RS_MODULES.checkMinimal()}\n\t\t\t\t<\/script>\n\t\t\t<\/rs-module-wrap>\n\t\t\t<!-- END REVOLUTION SLIDER -->\n[vc_empty_space height=\u00bb22px\u00bb][\/vc_column][\/vc_row][vc_row][vc_column width=\u00bb2\/3&#8243;][vc_tta_tour active_section=\u00bb1&#8243; title=\u00bbServicio\u00bb][vc_tta_section title=\u00bbInforma\u00e7\u00e3o\u00bb tab_id=\u00bb1678291072153-458dfafd-27c5&#8243;][vc_column_text css=\u00bb.vc_custom_1691755533903{background-color: #ffffff !important;}\u00bb]Almasol possui infraestruturas e servi\u00e7os adequados para apoiar as opera\u00e7\u00f5es industriais, como ruas e estradas internas, redes de fornecimento de energia, \u00e1gua e comunica\u00e7\u00f5es, servi\u00e7o de coleta de res\u00edduos e medidas de seguran\u00e7a.<\/p>\n<p>O objetivo principal da Almasol \u00e9 promover o desenvolvimento econ\u00f4mico e o investimento industrial em uma \u00e1rea geogr\u00e1fica espec\u00edfica. Ao agrupar ind\u00fastrias ou centros de distribui\u00e7\u00e3o, a colabora\u00e7\u00e3o \u00e9 incentivada, facilitando a troca de conhecimento, recursos e oportunidades comerciais.<\/p>\n<p><strong>Infraestrutura adequada:<\/strong> Almasol possui uma infraestrutura adequada e bem desenvolvida, que inclui servi\u00e7os de energia el\u00e9trica, \u00e1gua, comunica\u00e7\u00f5es e transporte. Isso facilita o funcionamento das empresas ao fornecer acesso a recursos e servi\u00e7os essenciais.<\/p>\n<p><strong>Localiza\u00e7\u00e3o estrat\u00e9gica:<\/strong> Almasol est\u00e1 situada em \u00e1reas estrat\u00e9gicas, pr\u00f3ximas a vias de comunica\u00e7\u00e3o importantes, portos mar\u00edtimos ou aeroportos. Isso facilita a log\u00edstica e a distribui\u00e7\u00e3o de produtos, reduzindo custos e tempos de entrega.<\/p>\n<p><strong>Acesso a talento e m\u00e3o de obra:<\/strong> Almasol atrai trabalhadores qualificados devido \u00e0s oportunidades de emprego que oferece. Ao estarem concentradas em um \u00fanico local, as empresas t\u00eam acesso a um amplo e diversificado pool de talentos, permitindo a contrata\u00e7\u00e3o e reten\u00e7\u00e3o de pessoal altamente capacitado.<\/p>\n<p><strong>Melhoria da imagem corporativa:<\/strong> O fato de estar localizada em um parque industrial bem planejado e organizado pode melhorar a imagem corporativa das empresas. Isso ocorre devido \u00e0 associa\u00e7\u00e3o com um ambiente empresarial profissional e moderno, o que pode gerar confian\u00e7a e credibilidade perante clientes, fornecedores e parceiros comerciais.<\/p>\n<p><strong>Seguran\u00e7a e servi\u00e7os compartilhados:<\/strong> Almasol disp\u00f5e de medidas de seguran\u00e7a e servi\u00e7os compartilhados, como sistemas de vigil\u00e2ncia 24\/7, controle de acesso e manuten\u00e7\u00e3o de \u00e1reas comuns. Isso proporciona um ambiente seguro \u00e0s empresas e contribui para a redu\u00e7\u00e3o dos custos operacionais.[\/vc_column_text][\/vc_tta_section][\/vc_tta_tour][\/vc_column][vc_column width=\u00bb1\/3&#8243;][vc_gallery type=\u00bbimage_grid\u00bb images=\u00bb14,172,169&#8243; img_size=\u00bbmedium\u00bb][\/vc_column][\/vc_row][vc_row][vc_column][vc_separator]<h2 class='heading-left  divider-sm' ><span>Over 100,000 m\u00b2 of complexes<\/span><\/h2>[vc_empty_space][\/vc_column][\/vc_row][vc_row el_id=\u00bbparques\u00bb][vc_column width=\u00bb1\/3&#8243;][vc_single_image image=\u00bb160&#8243; img_size=\u00bbmedium\u00bb alignment=\u00bbcenter\u00bb][vc_column_text css=\u00bb.vc_custom_1684708183485{margin-top: -35px !important;}\u00bb]<\/p>\n<p style=\"padding-left: 40px;\">Leoni Wiring Systems of Paraguay S.R.L.<br \/>\n<strong>12.650 m\u00b2<\/strong><\/p>\n<p>[\/vc_column_text][\/vc_column][vc_column width=\u00bb1\/3&#8243;][vc_single_image image=\u00bb168&#8243; img_size=\u00bbmedium\u00bb alignment=\u00bbcenter\u00bb][vc_column_text css=\u00bb.vc_custom_1678287803679{margin-top: -35px !important;}\u00bb]<\/p>\n<p style=\"padding-left: 40px;\">Sumidenso Do Brasil LTDA.<br \/>\n<strong>21.500 m\u00b2<\/strong><\/p>\n<p>[\/vc_column_text][\/vc_column][vc_column width=\u00bb1\/3&#8243;][vc_single_image image=\u00bb169&#8243; img_size=\u00bbmedium\u00bb alignment=\u00bbcenter\u00bb][vc_column_text css=\u00bb.vc_custom_1678288166192{margin-top: -35px !important;}\u00bb]<\/p>\n<p style=\"padding-left: 40px;\">Yazaki Paraguay S.R.L.<br \/>\n<strong>15.700 m\u00b2<\/strong><\/p>\n<p>[\/vc_column_text][\/vc_column][\/vc_row][vc_row][vc_column width=\u00bb1\/3&#8243;][vc_single_image image=\u00bb164&#8243; img_size=\u00bbmedium\u00bb alignment=\u00bbcenter\u00bb][vc_column_text css=\u00bb.vc_custom_1684708214349{margin-top: -35px !important;}\u00bb]<\/p>\n<p style=\"padding-left: 40px;\">Industrial Logistics Park Airport.<br \/>\n<strong>25.000 m\u00b2<\/strong><\/p>\n<p>[\/vc_column_text][\/vc_column][vc_column width=\u00bb1\/3&#8243;][vc_single_image image=\u00bb172&#8243; img_size=\u00bbmedium\u00bb alignment=\u00bbcenter\u00bb][vc_column_text css=\u00bb.vc_custom_1684708233485{margin-top: -35px !important;}\u00bb]<\/p>\n<p style=\"padding-left: 40px;\">Unilever Py Distribution Center.<br \/>\n<strong>17.000 m\u00b2<\/strong><br \/>\nAlmasol, partner developer of the Unilever Villeta Distribution Center, has the LEED GOLD Certification.<\/p>\n<p>[\/vc_column_text][\/vc_column][vc_column width=\u00bb1\/3&#8243;][vc_single_image image=\u00bb173&#8243; img_size=\u00bbmedium\u00bb alignment=\u00bbcenter\u00bb][vc_column_text css=\u00bb.vc_custom_1684708266861{margin-top: -35px !important;}\u00bb]<\/p>\n<p style=\"padding-left: 40px;\">Guarambar\u00e9 Industrial Logistics Park.<br \/>\n<strong>125.000 m\u00b2<\/strong><\/p>\n<p>[\/vc_column_text][\/vc_column][\/vc_row]<\/p>\n","protected":false},"excerpt":{"rendered":"<p>[vc_row full_width=\u00bbstretch_row\u00bb][vc_column][vc_empty_space height=\u00bb22px\u00bb][\/vc_column][\/vc_row][vc_row][vc_column width=\u00bb2\/3&#8243;][vc_tta_tour active_section=\u00bb1&#8243; title=\u00bbServicio\u00bb][vc_tta_section title=\u00bbInforma\u00e7\u00e3o\u00bb tab_id=\u00bb1678291072153-458dfafd-27c5&#8243;][vc_column_text css=\u00bb.vc_custom_1691755533903{background-color: #ffffff !important;}\u00bb]Almasol possui infraestruturas e servi\u00e7os adequados para apoiar as opera\u00e7\u00f5es industriais, como ruas e estradas internas, redes de fornecimento de energia, \u00e1gua e comunica\u00e7\u00f5es, servi\u00e7o de coleta de res\u00edduos e &hellip;<\/p>\n","protected":false},"author":1,"featured_media":0,"parent":0,"menu_order":0,"comment_status":"closed","ping_status":"closed","template":"","meta":{"_joinchat":[],"footnotes":""},"class_list":["post-266","page","type-page","status-publish","hentry"],"yoast_head":"<!-- This site is optimized with the Yoast SEO plugin v20.13 - https:\/\/yoast.com\/wordpress\/plugins\/seo\/ -->\n<title>INDUSTRIAL PARKS - Almasol<\/title>\n<meta name=\"robots\" content=\"index, follow, max-snippet:-1, max-image-preview:large, max-video-preview:-1\" \/>\n<link rel=\"canonical\" href=\"https:\/\/www.almasol.com.py\/pt\/parques-industriales\/\" \/>\n<meta property=\"og:locale\" content=\"es_ES\" \/>\n<meta property=\"og:type\" content=\"article\" \/>\n<meta property=\"og:title\" content=\"INDUSTRIAL PARKS - Almasol\" \/>\n<meta property=\"og:description\" content=\"[vc_row full_width=\u00bbstretch_row\u00bb][vc_column][vc_empty_space height=\u00bb22px\u00bb][\/vc_column][\/vc_row][vc_row][vc_column width=\u00bb2\/3&#8243;][vc_tta_tour active_section=\u00bb1&#8243; title=\u00bbServicio\u00bb][vc_tta_section title=\u00bbInforma\u00e7\u00e3o\u00bb tab_id=\u00bb1678291072153-458dfafd-27c5&#8243;][vc_column_text css=\u00bb.vc_custom_1691755533903{background-color: #ffffff !important;}\u00bb]Almasol possui infraestruturas e servi\u00e7os adequados para apoiar as opera\u00e7\u00f5es industriais, como ruas e estradas internas, redes de fornecimento de energia, \u00e1gua e comunica\u00e7\u00f5es, servi\u00e7o de coleta de res\u00edduos e &hellip;\" \/>\n<meta property=\"og:url\" content=\"https:\/\/www.almasol.com.py\/pt\/parques-industriales\/\" \/>\n<meta property=\"og:site_name\" content=\"Almasol\" \/>\n<meta property=\"article:modified_time\" content=\"2023-08-11T12:06:14+00:00\" \/>\n<meta name=\"twitter:card\" content=\"summary_large_image\" \/>\n<meta name=\"twitter:label1\" content=\"Tiempo de lectura\" \/>\n\t<meta name=\"twitter:data1\" content=\"2 minutos\" \/>\n<script type=\"application\/ld+json\" class=\"yoast-schema-graph\">{\"@context\":\"https:\/\/schema.org\",\"@graph\":[{\"@type\":\"WebPage\",\"@id\":\"https:\/\/www.almasol.com.py\/pt\/parques-industriales\/\",\"url\":\"https:\/\/www.almasol.com.py\/pt\/parques-industriales\/\",\"name\":\"INDUSTRIAL PARKS - Almasol\",\"isPartOf\":{\"@id\":\"https:\/\/www.almasol.com.py\/pt\/#website\"},\"datePublished\":\"2023-03-23T11:33:24+00:00\",\"dateModified\":\"2023-08-11T12:06:14+00:00\",\"breadcrumb\":{\"@id\":\"https:\/\/www.almasol.com.py\/pt\/parques-industriales\/#breadcrumb\"},\"inLanguage\":\"es\",\"potentialAction\":[{\"@type\":\"ReadAction\",\"target\":[\"https:\/\/www.almasol.com.py\/pt\/parques-industriales\/\"]}]},{\"@type\":\"BreadcrumbList\",\"@id\":\"https:\/\/www.almasol.com.py\/pt\/parques-industriales\/#breadcrumb\",\"itemListElement\":[{\"@type\":\"ListItem\",\"position\":1,\"name\":\"Portada\",\"item\":\"https:\/\/www.almasol.com.py\/pt\/\"},{\"@type\":\"ListItem\",\"position\":2,\"name\":\"INDUSTRIAL PARKS\"}]},{\"@type\":\"WebSite\",\"@id\":\"https:\/\/www.almasol.com.py\/pt\/#website\",\"url\":\"https:\/\/www.almasol.com.py\/pt\/\",\"name\":\"Almasol\",\"description\":\"Desarrolladores de complejos industriales, comerciales y log\u00edsticos\",\"potentialAction\":[{\"@type\":\"SearchAction\",\"target\":{\"@type\":\"EntryPoint\",\"urlTemplate\":\"https:\/\/www.almasol.com.py\/pt\/?s={search_term_string}\"},\"query-input\":\"required name=search_term_string\"}],\"inLanguage\":\"es\"}]}<\/script>\n<!-- \/ Yoast SEO plugin. -->","yoast_head_json":{"title":"INDUSTRIAL PARKS - Almasol","robots":{"index":"index","follow":"follow","max-snippet":"max-snippet:-1","max-image-preview":"max-image-preview:large","max-video-preview":"max-video-preview:-1"},"canonical":"https:\/\/www.almasol.com.py\/pt\/parques-industriales\/","og_locale":"es_ES","og_type":"article","og_title":"INDUSTRIAL PARKS - Almasol","og_description":"[vc_row full_width=\u00bbstretch_row\u00bb][vc_column][vc_empty_space height=\u00bb22px\u00bb][\/vc_column][\/vc_row][vc_row][vc_column width=\u00bb2\/3&#8243;][vc_tta_tour active_section=\u00bb1&#8243; title=\u00bbServicio\u00bb][vc_tta_section title=\u00bbInforma\u00e7\u00e3o\u00bb tab_id=\u00bb1678291072153-458dfafd-27c5&#8243;][vc_column_text css=\u00bb.vc_custom_1691755533903{background-color: #ffffff !important;}\u00bb]Almasol possui infraestruturas e servi\u00e7os adequados para apoiar as opera\u00e7\u00f5es industriais, como ruas e estradas internas, redes de fornecimento de energia, \u00e1gua e comunica\u00e7\u00f5es, servi\u00e7o de coleta de res\u00edduos e &hellip;","og_url":"https:\/\/www.almasol.com.py\/pt\/parques-industriales\/","og_site_name":"Almasol","article_modified_time":"2023-08-11T12:06:14+00:00","twitter_card":"summary_large_image","twitter_misc":{"Tiempo de lectura":"2 minutos"},"schema":{"@context":"https:\/\/schema.org","@graph":[{"@type":"WebPage","@id":"https:\/\/www.almasol.com.py\/pt\/parques-industriales\/","url":"https:\/\/www.almasol.com.py\/pt\/parques-industriales\/","name":"INDUSTRIAL PARKS - Almasol","isPartOf":{"@id":"https:\/\/www.almasol.com.py\/pt\/#website"},"datePublished":"2023-03-23T11:33:24+00:00","dateModified":"2023-08-11T12:06:14+00:00","breadcrumb":{"@id":"https:\/\/www.almasol.com.py\/pt\/parques-industriales\/#breadcrumb"},"inLanguage":"es","potentialAction":[{"@type":"ReadAction","target":["https:\/\/www.almasol.com.py\/pt\/parques-industriales\/"]}]},{"@type":"BreadcrumbList","@id":"https:\/\/www.almasol.com.py\/pt\/parques-industriales\/#breadcrumb","itemListElement":[{"@type":"ListItem","position":1,"name":"Portada","item":"https:\/\/www.almasol.com.py\/pt\/"},{"@type":"ListItem","position":2,"name":"INDUSTRIAL PARKS"}]},{"@type":"WebSite","@id":"https:\/\/www.almasol.com.py\/pt\/#website","url":"https:\/\/www.almasol.com.py\/pt\/","name":"Almasol","description":"Desarrolladores de complejos industriales, comerciales y log\u00edsticos","potentialAction":[{"@type":"SearchAction","target":{"@type":"EntryPoint","urlTemplate":"https:\/\/www.almasol.com.py\/pt\/?s={search_term_string}"},"query-input":"required name=search_term_string"}],"inLanguage":"es"}]}},"_links":{"self":[{"href":"https:\/\/www.almasol.com.py\/pt\/wp-json\/wp\/v2\/pages\/266","targetHints":{"allow":["GET"]}}],"collection":[{"href":"https:\/\/www.almasol.com.py\/pt\/wp-json\/wp\/v2\/pages"}],"about":[{"href":"https:\/\/www.almasol.com.py\/pt\/wp-json\/wp\/v2\/types\/page"}],"author":[{"embeddable":true,"href":"https:\/\/www.almasol.com.py\/pt\/wp-json\/wp\/v2\/users\/1"}],"replies":[{"embeddable":true,"href":"https:\/\/www.almasol.com.py\/pt\/wp-json\/wp\/v2\/comments?post=266"}],"version-history":[{"count":12,"href":"https:\/\/www.almasol.com.py\/pt\/wp-json\/wp\/v2\/pages\/266\/revisions"}],"predecessor-version":[{"id":461,"href":"https:\/\/www.almasol.com.py\/pt\/wp-json\/wp\/v2\/pages\/266\/revisions\/461"}],"wp:attachment":[{"href":"https:\/\/www.almasol.com.py\/pt\/wp-json\/wp\/v2\/media?parent=266"}],"curies":[{"name":"wp","href":"https:\/\/api.w.org\/{rel}","templated":true}]}}