{"id":387,"date":"2023-05-02T12:31:08","date_gmt":"2023-05-02T16:31:08","guid":{"rendered":"https:\/\/www.almasol.com.py\/pt\/?page_id=387"},"modified":"2023-06-22T10:24:16","modified_gmt":"2023-06-22T14:24:16","slug":"buy-to-lease","status":"publish","type":"page","link":"https:\/\/www.almasol.com.py\/pt\/buy-to-lease\/","title":{"rendered":"Buy To Lease"},"content":{"rendered":"<p>[vc_row full_width=\u00bbstretch_row\u00bb][vc_column]\n\t\t\t<!-- START Slider 1 2 REVOLUTION SLIDER 6.5.19 --><p class=\"rs-p-wp-fix\"><\/p>\n\t\t\t<rs-module-wrap id=\"rev_slider_4_1_wrapper\" data-source=\"gallery\" style=\"visibility:hidden;background:transparent;padding:0;margin:0px auto;margin-top:0;margin-bottom:0;\">\n\t\t\t\t<rs-module id=\"rev_slider_4_1\" style=\"\" data-version=\"6.5.19\">\n\t\t\t\t\t<rs-slides>\n\t\t\t\t\t\t<rs-slide style=\"position: absolute;\" data-key=\"rs-4\" data-title=\"Slide\" data-in=\"o:0;\" data-out=\"a:false;\">\n\t\t\t\t\t\t\t<img decoding=\"async\" src=\"\/\/www.almasol.com.py\/pt\/wp-content\/plugins\/revslider\/public\/assets\/assets\/dummy.png\" alt=\"Slide\" title=\"Buy To Lease\" class=\"rev-slidebg tp-rs-img rs-lazyload\" data-lazyload=\"\/\/www.almasol.com.py\/pt\/wp-content\/plugins\/revslider\/public\/assets\/assets\/transparent.png\" data-no-retina>\n<!--\n\t\t\t\t\t\t\t--><rs-layer\n\t\t\t\t\t\t\t\tid=\"slider-4-slide-4-layer-0\" \n\t\t\t\t\t\t\t\tdata-type=\"image\"\n\t\t\t\t\t\t\t\tdata-rsp_ch=\"on\"\n\t\t\t\t\t\t\t\tdata-xy=\"x:c;xo:0,-10px,61px,-14px;y:m;yo:0,52px,-6px,-6px;\"\n\t\t\t\t\t\t\t\tdata-text=\"w:normal;s:20,16,12,7;l:0,20,15,9;\"\n\t\t\t\t\t\t\t\tdata-dim=\"w:1920px,1585px,1202px,741px;h:1080px,891px,676px,417px;\"\n\t\t\t\t\t\t\t\tdata-frame_999=\"o:0;st:w;\"\n\t\t\t\t\t\t\t\tstyle=\"z-index:5;\"\n\t\t\t\t\t\t\t><img loading=\"lazy\" decoding=\"async\" src=\"\/\/www.almasol.com.py\/pt\/wp-content\/plugins\/revslider\/public\/assets\/assets\/dummy.png\" alt=\"buy to lease\" class=\"tp-rs-img rs-lazyload\" width=\"1920\" height=\"1080\" data-lazyload=\"\/\/www.almasol.com.py\/pt\/wp-content\/uploads\/2023\/05\/DJI_0519b-min-min.jpg\" data-no-retina> \n\t\t\t\t\t\t\t<\/rs-layer><!--\n-->\t\t\t\t\t\t<\/rs-slide>\n\t\t\t\t\t<\/rs-slides>\n\t\t\t\t<\/rs-module>\n\t\t\t\t<script>\n\t\t\t\t\tsetREVStartSize({c: 'rev_slider_4_1',rl:[1240,1024,778,480],el:[900,768,660,380],gw:[1240,1024,778,480],gh:[900,768,660,380],type:'standard',justify:'',layout:'fullwidth',mh:\"0\"});if (window.RS_MODULES!==undefined && window.RS_MODULES.modules!==undefined && window.RS_MODULES.modules[\"revslider41\"]!==undefined) {window.RS_MODULES.modules[\"revslider41\"].once = false;window.revapi4 = undefined;if (window.RS_MODULES.checkMinimal!==undefined) window.RS_MODULES.checkMinimal()}\n\t\t\t\t<\/script>\n\t\t\t<\/rs-module-wrap>\n\t\t\t<!-- END REVOLUTION SLIDER -->\n[vc_empty_space height=\u00bb22px\u00bb][\/vc_column][\/vc_row][vc_row][vc_column width=\u00bb2\/3&#8243;][vc_tta_tour active_section=\u00bb1&#8243; title=\u00bbService\u00bb][vc_tta_section title=\u00bbVenda e Arrendamento de Volta (SLB)\u00bb tab_id=\u00bb1678291072153-458dfafd-27c5&#8243;][vc_column_text css=\u00bb.vc_custom_1687443846702{background-color: #ffffff !important;}\u00bb]<\/p>\n<h3>Como funciona esse servi\u00e7o?<\/h3>\n<p>Nessa opera\u00e7\u00e3o de Venda e Arrendamento de Volta (SLB), o propriet\u00e1rio do im\u00f3vel (comercial ou industrial) o vende para a ALMASOL (compradora e locadora), obtendo uma inje\u00e7\u00e3o de liquidez, com o compromisso de que o vendedor permane\u00e7a como locat\u00e1rio no mesmo im\u00f3vel, nas condi\u00e7\u00f5es de pre\u00e7o, aluguel, contrato e garantias negociadas pelas partes. Se necess\u00e1rio, tamb\u00e9m podemos renovar as instala\u00e7\u00f5es de acordo com suas necessidades para otimizar suas opera\u00e7\u00f5es.<\/p>\n<p>Portanto, a opera\u00e7\u00e3o de venda e arrendamento de volta envolve a formaliza\u00e7\u00e3o de dois contratos, um para a venda e outro para o arrendamento com ou sem op\u00e7\u00e3o de compra.<\/p>\n<p>Seu im\u00f3vel industrial, log\u00edstico ou comercial representa um capital que voc\u00ea n\u00e3o pode usar como capital de giro. Ao converter esse capital em dinheiro, permite que voc\u00ea cres\u00e7a sem depender dos mercados de capital.[\/vc_column_text][\/vc_tta_section][\/vc_tta_tour][\/vc_column][vc_column width=\u00bb1\/3&#8243;][vc_gallery type=\u00bbimage_grid\u00bb images=\u00bb398,399&#8243; img_size=\u00bbmedium\u00bb][\/vc_column][\/vc_row]<\/p>\n","protected":false},"excerpt":{"rendered":"<p>[vc_row full_width=\u00bbstretch_row\u00bb][vc_column][vc_empty_space height=\u00bb22px\u00bb][\/vc_column][\/vc_row][vc_row][vc_column width=\u00bb2\/3&#8243;][vc_tta_tour active_section=\u00bb1&#8243; title=\u00bbService\u00bb][vc_tta_section title=\u00bbVenda e Arrendamento de Volta (SLB)\u00bb tab_id=\u00bb1678291072153-458dfafd-27c5&#8243;][vc_column_text css=\u00bb.vc_custom_1687443846702{background-color: #ffffff !important;}\u00bb] Como funciona esse servi\u00e7o? Nessa opera\u00e7\u00e3o de Venda e Arrendamento de Volta (SLB), o propriet\u00e1rio do im\u00f3vel (comercial ou industrial) o vende para a &hellip;<\/p>\n","protected":false},"author":1,"featured_media":0,"parent":0,"menu_order":0,"comment_status":"closed","ping_status":"closed","template":"","meta":{"_joinchat":[],"footnotes":""},"class_list":["post-387","page","type-page","status-publish","hentry"],"yoast_head":"<!-- This site is optimized with the Yoast SEO plugin v20.13 - https:\/\/yoast.com\/wordpress\/plugins\/seo\/ -->\n<title>Buy To Lease - Almasol<\/title>\n<meta name=\"robots\" content=\"index, follow, max-snippet:-1, max-image-preview:large, max-video-preview:-1\" \/>\n<link rel=\"canonical\" href=\"https:\/\/www.almasol.com.py\/pt\/buy-to-lease\/\" \/>\n<meta property=\"og:locale\" content=\"es_ES\" \/>\n<meta property=\"og:type\" content=\"article\" \/>\n<meta property=\"og:title\" content=\"Buy To Lease - Almasol\" \/>\n<meta property=\"og:description\" content=\"[vc_row full_width=\u00bbstretch_row\u00bb][vc_column][vc_empty_space height=\u00bb22px\u00bb][\/vc_column][\/vc_row][vc_row][vc_column width=\u00bb2\/3&#8243;][vc_tta_tour active_section=\u00bb1&#8243; title=\u00bbService\u00bb][vc_tta_section title=\u00bbVenda e Arrendamento de Volta (SLB)\u00bb tab_id=\u00bb1678291072153-458dfafd-27c5&#8243;][vc_column_text css=\u00bb.vc_custom_1687443846702{background-color: #ffffff !important;}\u00bb] Como funciona esse servi\u00e7o? Nessa opera\u00e7\u00e3o de Venda e Arrendamento de Volta (SLB), o propriet\u00e1rio do im\u00f3vel (comercial ou industrial) o vende para a &hellip;\" \/>\n<meta property=\"og:url\" content=\"https:\/\/www.almasol.com.py\/pt\/buy-to-lease\/\" \/>\n<meta property=\"og:site_name\" content=\"Almasol\" \/>\n<meta property=\"article:modified_time\" content=\"2023-06-22T14:24:16+00:00\" \/>\n<meta name=\"twitter:card\" content=\"summary_large_image\" \/>\n<meta name=\"twitter:label1\" content=\"Tiempo de lectura\" \/>\n\t<meta name=\"twitter:data1\" content=\"1 minuto\" \/>\n<script type=\"application\/ld+json\" class=\"yoast-schema-graph\">{\"@context\":\"https:\/\/schema.org\",\"@graph\":[{\"@type\":\"WebPage\",\"@id\":\"https:\/\/www.almasol.com.py\/pt\/buy-to-lease\/\",\"url\":\"https:\/\/www.almasol.com.py\/pt\/buy-to-lease\/\",\"name\":\"Buy To Lease - Almasol\",\"isPartOf\":{\"@id\":\"https:\/\/www.almasol.com.py\/pt\/#website\"},\"datePublished\":\"2023-05-02T16:31:08+00:00\",\"dateModified\":\"2023-06-22T14:24:16+00:00\",\"breadcrumb\":{\"@id\":\"https:\/\/www.almasol.com.py\/pt\/buy-to-lease\/#breadcrumb\"},\"inLanguage\":\"es\",\"potentialAction\":[{\"@type\":\"ReadAction\",\"target\":[\"https:\/\/www.almasol.com.py\/pt\/buy-to-lease\/\"]}]},{\"@type\":\"BreadcrumbList\",\"@id\":\"https:\/\/www.almasol.com.py\/pt\/buy-to-lease\/#breadcrumb\",\"itemListElement\":[{\"@type\":\"ListItem\",\"position\":1,\"name\":\"Portada\",\"item\":\"https:\/\/www.almasol.com.py\/pt\/\"},{\"@type\":\"ListItem\",\"position\":2,\"name\":\"Buy To Lease\"}]},{\"@type\":\"WebSite\",\"@id\":\"https:\/\/www.almasol.com.py\/pt\/#website\",\"url\":\"https:\/\/www.almasol.com.py\/pt\/\",\"name\":\"Almasol\",\"description\":\"Desarrolladores de complejos industriales, comerciales y log\u00edsticos\",\"potentialAction\":[{\"@type\":\"SearchAction\",\"target\":{\"@type\":\"EntryPoint\",\"urlTemplate\":\"https:\/\/www.almasol.com.py\/pt\/?s={search_term_string}\"},\"query-input\":\"required name=search_term_string\"}],\"inLanguage\":\"es\"}]}<\/script>\n<!-- \/ Yoast SEO plugin. -->","yoast_head_json":{"title":"Buy To Lease - Almasol","robots":{"index":"index","follow":"follow","max-snippet":"max-snippet:-1","max-image-preview":"max-image-preview:large","max-video-preview":"max-video-preview:-1"},"canonical":"https:\/\/www.almasol.com.py\/pt\/buy-to-lease\/","og_locale":"es_ES","og_type":"article","og_title":"Buy To Lease - Almasol","og_description":"[vc_row full_width=\u00bbstretch_row\u00bb][vc_column][vc_empty_space height=\u00bb22px\u00bb][\/vc_column][\/vc_row][vc_row][vc_column width=\u00bb2\/3&#8243;][vc_tta_tour active_section=\u00bb1&#8243; title=\u00bbService\u00bb][vc_tta_section title=\u00bbVenda e Arrendamento de Volta (SLB)\u00bb tab_id=\u00bb1678291072153-458dfafd-27c5&#8243;][vc_column_text css=\u00bb.vc_custom_1687443846702{background-color: #ffffff !important;}\u00bb] Como funciona esse servi\u00e7o? Nessa opera\u00e7\u00e3o de Venda e Arrendamento de Volta (SLB), o propriet\u00e1rio do im\u00f3vel (comercial ou industrial) o vende para a &hellip;","og_url":"https:\/\/www.almasol.com.py\/pt\/buy-to-lease\/","og_site_name":"Almasol","article_modified_time":"2023-06-22T14:24:16+00:00","twitter_card":"summary_large_image","twitter_misc":{"Tiempo de lectura":"1 minuto"},"schema":{"@context":"https:\/\/schema.org","@graph":[{"@type":"WebPage","@id":"https:\/\/www.almasol.com.py\/pt\/buy-to-lease\/","url":"https:\/\/www.almasol.com.py\/pt\/buy-to-lease\/","name":"Buy To Lease - Almasol","isPartOf":{"@id":"https:\/\/www.almasol.com.py\/pt\/#website"},"datePublished":"2023-05-02T16:31:08+00:00","dateModified":"2023-06-22T14:24:16+00:00","breadcrumb":{"@id":"https:\/\/www.almasol.com.py\/pt\/buy-to-lease\/#breadcrumb"},"inLanguage":"es","potentialAction":[{"@type":"ReadAction","target":["https:\/\/www.almasol.com.py\/pt\/buy-to-lease\/"]}]},{"@type":"BreadcrumbList","@id":"https:\/\/www.almasol.com.py\/pt\/buy-to-lease\/#breadcrumb","itemListElement":[{"@type":"ListItem","position":1,"name":"Portada","item":"https:\/\/www.almasol.com.py\/pt\/"},{"@type":"ListItem","position":2,"name":"Buy To Lease"}]},{"@type":"WebSite","@id":"https:\/\/www.almasol.com.py\/pt\/#website","url":"https:\/\/www.almasol.com.py\/pt\/","name":"Almasol","description":"Desarrolladores de complejos industriales, comerciales y log\u00edsticos","potentialAction":[{"@type":"SearchAction","target":{"@type":"EntryPoint","urlTemplate":"https:\/\/www.almasol.com.py\/pt\/?s={search_term_string}"},"query-input":"required name=search_term_string"}],"inLanguage":"es"}]}},"_links":{"self":[{"href":"https:\/\/www.almasol.com.py\/pt\/wp-json\/wp\/v2\/pages\/387","targetHints":{"allow":["GET"]}}],"collection":[{"href":"https:\/\/www.almasol.com.py\/pt\/wp-json\/wp\/v2\/pages"}],"about":[{"href":"https:\/\/www.almasol.com.py\/pt\/wp-json\/wp\/v2\/types\/page"}],"author":[{"embeddable":true,"href":"https:\/\/www.almasol.com.py\/pt\/wp-json\/wp\/v2\/users\/1"}],"replies":[{"embeddable":true,"href":"https:\/\/www.almasol.com.py\/pt\/wp-json\/wp\/v2\/comments?post=387"}],"version-history":[{"count":11,"href":"https:\/\/www.almasol.com.py\/pt\/wp-json\/wp\/v2\/pages\/387\/revisions"}],"predecessor-version":[{"id":454,"href":"https:\/\/www.almasol.com.py\/pt\/wp-json\/wp\/v2\/pages\/387\/revisions\/454"}],"wp:attachment":[{"href":"https:\/\/www.almasol.com.py\/pt\/wp-json\/wp\/v2\/media?parent=387"}],"curies":[{"name":"wp","href":"https:\/\/api.w.org\/{rel}","templated":true}]}}